{"id":5978,"date":"2024-08-19T03:58:34","date_gmt":"2024-08-18T20:58:34","guid":{"rendered":"https:\/\/gymmate.vn\/lop-hoc\/"},"modified":"2025-12-10T11:01:44","modified_gmt":"2025-12-10T11:01:44","slug":"classes","status":"publish","type":"page","link":"https:\/\/gymmate.vn\/en\/classes\/","title":{"rendered":"Classes"},"content":{"rendered":"\t\t<div data-elementor-type=\"wp-page\" data-elementor-id=\"5978\" class=\"elementor elementor-5978 elementor-2224\">\n\t\t\t\t<div class=\"elementor-element elementor-element-de598ab e-flex e-con-boxed e-con e-parent\" data-id=\"de598ab\" data-element_type=\"container\">\n\t\t\t\t\t<div class=\"e-con-inner\">\n\t\t\t\t<div class=\"elementor-element elementor-element-5e74b4d elementor-widget elementor-widget-gofiz_class_time_table_2\" data-id=\"5e74b4d\" data-element_type=\"widget\" data-widget_type=\"gofiz_class_time_table_2.default\">\n\t\t\t\t<div class=\"elementor-widget-container\">\n\t\t\t\t\t                                                                                                                                                                                                                                                                                                                                                                                                                                                                                                                                                                                                                                                                                                                                                                                                                                                                                                                                                                                                                                                                                                                                                                                                                                                                                                                                                                                                                                                                                                                                                                                                                                                                        <div class=\"time-table-2\">\n            <div class=\"table-wrap\">\n                <table>\n                    <tr>\n                        <th><i class=\"gofiz-icon-calendar\"><\/i><\/th>\n                        <th>Monday<\/th>\n                        <th>Tuesday<\/th>\n                        <th>Wednesday<\/th>\n                        <th>Thursday<\/th>\n                        <th>Friday<\/th>\n                        <th>Saturday<\/th>\n                        <th>Sunday<\/th>\n                    <\/tr>\n                    <tr><th>6:00 am<\/th> <td class=\"col-2  cardio\"><h6><a class=\"title\" href=\"https:\/\/gymmate.vn\/en\/classes\/ab-workout\/\">Ab workout<\/a><\/h6><div class=\"class-sub\">6:00 am - 7:00 am<\/div><a class=\"class-trainer\"><span>John Pena<\/span><\/a><\/td> <td class=\"col-3  dance\" rowspan=\"2\"><h6><a class=\"title\" href=\"https:\/\/gymmate.vn\/en\/classes\/zumba-the-thao\/\">Zumba Fitness<\/a><\/h6><div class=\"class-sub\">6:00 am - 7:30 am<\/div><a class=\"class-trainer\"><span>Rory Webster<\/span><\/a><\/td> <td class=\"col-4  tam-tri-va-co-the\"><h6><a class=\"title\" href=\"https:\/\/gymmate.vn\/lop-hoc\/yoga\/\">Yoga<\/a><\/h6><div class=\"class-sub\">6:00 am - 7:00 am<\/div><a class=\"class-trainer\"><span>John Pena<\/span><\/a><\/td> <td class=\"col-5  dance\" rowspan=\"2\"><h6><a class=\"title\" href=\"https:\/\/gymmate.vn\/en\/classes\/zumba-the-thao\/\">Zumba Fitness<\/a><\/h6><div class=\"class-sub\">6:00 am - 7:30 am<\/div><a class=\"class-trainer\"><span>Rory Webster<\/span><\/a><\/td> <td class=\"col-6  dance\"><h6><a class=\"title\" href=\"https:\/\/gymmate.vn\/en\/classes\/ballet-fitness\/\">Ballet fitness<\/a><\/h6><div class=\"class-sub\">6:00 am - 7:00 am<\/div><a class=\"class-trainer\"><span>Emma Williams<\/span><\/a><\/td> <td class=\"col-7  dance\"><h6><a class=\"title\" href=\"https:\/\/gymmate.vn\/en\/classes\/ballet-fitness\/\">Ballet fitness<\/a><\/h6><div class=\"class-sub\">6:00 am - 7:00 am<\/div><a class=\"class-trainer\"><span>John Pena<\/span><\/a><\/td> <td class=\"col-8  tam-tri-va-co-the\"><h6><a class=\"title\" href=\"https:\/\/gymmate.vn\/lop-hoc\/yoga\/\">Yoga<\/a><\/h6><div class=\"class-sub\">6:00 am - 7:00 am<\/div><a class=\"class-trainer\"><span>John Pena<\/span><\/a><\/td><\/tr><tr><th>7:00 am<\/th> <td class=\"col-2  healing\" rowspan=\"2\"><h6><a class=\"title\" href=\"https:\/\/gymmate.vn\/en\/classes\/advanced-exercises\/\">Advanced exercises<\/a><\/h6><div class=\"class-sub\">7:00 am - 9:00 am<\/div><a class=\"class-trainer\"><span>Emma Williams<\/span><\/a><\/td> <td class=\"col-4  healing\" rowspan=\"2\"><h6><a class=\"title\" href=\"https:\/\/gymmate.vn\/en\/classes\/agile-strength\/\">Agile strength<\/a><\/h6><div class=\"class-sub\">7:00 am - 9:00 am<\/div><a class=\"class-trainer\"><span>Emma Williams<\/span><\/a><\/td> <td class=\"col-6  healing\" rowspan=\"2\"><h6><a class=\"title\" href=\"https:\/\/gymmate.vn\/en\/classes\/meditation\/\">Meditation<\/a><\/h6><div class=\"class-sub\">7:00 am - 9:00 am<\/div><a class=\"class-trainer\"><span>Emma Williams<\/span><\/a><\/td> <td class=\"col-7  dance\" rowspan=\"2\"><h6><a class=\"title\" href=\"https:\/\/gymmate.vn\/en\/classes\/ren-luyen-can-bang\/\">Balance training<\/a><\/h6><div class=\"class-sub\">7:00 am - 8:30 am<\/div><a class=\"class-trainer\"><span>Rory Webster<\/span><\/a><\/td> <td class=\"col-8  dance\" rowspan=\"2\"><h6><a class=\"title\" href=\"https:\/\/gymmate.vn\/en\/classes\/zumba-the-thao\/\">Zumba Fitness<\/a><\/h6><div class=\"class-sub\">700 am - 8:30 am<\/div><a class=\"class-trainer\"><span>Rory Webster<\/span><\/a><\/td><\/tr><tr><th>8:00 am<\/th> <td class=\"col-3  cardio\"><h6><a class=\"title\" href=\"https:\/\/gymmate.vn\/en\/classes\/ab-workout\/\">Ab workout<\/a><\/h6><div class=\"class-sub\">8:00 am - 9:00 am<\/div><a class=\"class-trainer\"><span>Emma Williams<\/span><\/a><\/td> <td class=\"col-5  dance\"><h6><a class=\"title\" href=\"https:\/\/gymmate.vn\/en\/classes\/ballet-fitness\/\">Ballet fitness<\/a><\/h6><div class=\"class-sub\">8:00 am - 9:00 am<\/div><a class=\"class-trainer\"><span>Deacon Owens<\/span><\/a><\/td><\/tr><tr><th>9:00 am<\/th> <td class=\"col-2  mind-and-body\"><h6><a class=\"title\" href=\"https:\/\/gymmate.vn\/en\/classes\/advanced-yoga\/\">Advanced yoga<\/a><\/h6><div class=\"class-sub\">9:00 am - 10:00 am<\/div><a class=\"class-trainer\"><span>Kevin Barnhart<\/span><\/a><\/td> <td class=\"free-time col-3\"><\/td> <td class=\"col-4  cardio\" rowspan=\"2\"><h6><a class=\"title\" href=\"https:\/\/gymmate.vn\/en\/classes\/resilient-strength\/\">Resilient strength<\/a><\/h6><div class=\"class-sub\">9:00 am - 11:00 am<\/div><a class=\"class-trainer\"><span>Devon Lane<\/span><\/a><\/td> <td class=\"col-5  healing\"><h6><a class=\"title\" href=\"https:\/\/gymmate.vn\/en\/classes\/agile-strength\/\">Agile strength<\/a><\/h6><div class=\"class-sub\">9:00 am - 10:00 am<\/div><a class=\"class-trainer\"><span>Devon Lane<\/span><\/a><\/td> <td class=\"col-6  dance\" rowspan=\"2\"><h6><a class=\"title\" href=\"https:\/\/gymmate.vn\/en\/classes\/zumba-the-thao\/\">Zumba Fitness<\/a><\/h6><div class=\"class-sub\">9:00 am - 11:00 am<\/div><a class=\"class-trainer\"><span>Rory Webster<\/span><\/a><\/td> <td class=\"col-7  dance\" rowspan=\"2\"><h6><a class=\"title\" href=\"https:\/\/gymmate.vn\/en\/classes\/ballet-fitness\/\">Ballet fitness<\/a><\/h6><div class=\"class-sub\">9:00 am - 11:00 am<\/div><a class=\"class-trainer\"><span>Emma Williams<\/span><\/a><\/td> <td class=\"col-8  healing\"><h6><a class=\"title\" href=\"https:\/\/gymmate.vn\/en\/classes\/meditation\/\">Meditation<\/a><\/h6><div class=\"class-sub\">9:00 am - 11:00 am<\/div><a class=\"class-trainer\"><span>Kevin Barnhart<\/span><\/a><\/td><\/tr><tr><th>10:00 am<\/th> <td class=\"free-time col-2\"><\/td> <td class=\"col-3  dance\" rowspan=\"2\"><h6><a class=\"title\" href=\"https:\/\/gymmate.vn\/en\/classes\/ballet-fitness\/\">Ballet fitness<\/a><\/h6><div class=\"class-sub\">10:00 am - 12:00 am<\/div><a class=\"class-trainer\"><span>Kevin Barnhart<\/span><\/a><\/td> <td class=\"col-5  healing\" rowspan=\"2\"><h6><a class=\"title\" href=\"https:\/\/gymmate.vn\/en\/classes\/advanced-exercises\/\">Advanced exercises<\/a><\/h6><div class=\"class-sub\">10:00 am - 11:30 am<\/div><a class=\"class-trainer\"><span>John Pena<\/span><\/a><\/td> <td class=\"col-8  cardio\"><h6><a class=\"title\" href=\"https:\/\/gymmate.vn\/en\/classes\/resilient-strength\/\">Resilient strength<\/a><\/h6><div class=\"class-sub\">10:00 am - 11:00 am<\/div><a class=\"class-trainer\"><span>Emma Williams<\/span><\/a><\/td><\/tr><tr><th>11:00 am<\/th> <td class=\"col-2  cardio\" rowspan=\"2\"><h6><a class=\"title\" href=\"https:\/\/gymmate.vn\/en\/classes\/pilates\/\">Pilates<\/a><\/h6><div class=\"class-sub\">11:00 am - 12:30 am<\/div><a class=\"class-trainer\"><span>Deacon Owens<\/span><\/a><\/td> <td class=\"col-4  healing\"><h6><a class=\"title\" href=\"https:\/\/gymmate.vn\/en\/classes\/advanced-exercises\/\">Advanced exercises<\/a><\/h6><div class=\"class-sub\">11:00 am - 12:00 am<\/div><a class=\"class-trainer\"><span>Emma Williams<\/span><\/a><\/td> <td class=\"col-6  cardio\" rowspan=\"2\"><h6><a class=\"title\" href=\"https:\/\/gymmate.vn\/en\/classes\/ab-workout\/\">Ab workout<\/a><\/h6><div class=\"class-sub\">11:00 am - 12:30 am<\/div><a class=\"class-trainer\"><span>Devon Lane<\/span><\/a><\/td> <td class=\"col-7  dance\"><h6><a class=\"title\" href=\"https:\/\/gymmate.vn\/en\/classes\/zumba-the-thao\/\">Zumba Fitness<\/a><\/h6><div class=\"class-sub\">11:00 am - 12:00 am<\/div><a class=\"class-trainer\"><span>Emma Williams<\/span><\/a><\/td> <td class=\"col-8  dance\"><h6><a class=\"title\" href=\"https:\/\/gymmate.vn\/en\/classes\/ren-luyen-can-bang\/\">Balance training<\/a><\/h6><div class=\"class-sub\">11:00 am - 12:00 am<\/div><a class=\"class-trainer\"><span>Kevin Barnhart<\/span><\/a><\/td><\/tr><tr><th>12:00 am<\/th> <td class=\"free-time col-3\" rowspan=\"3\"><\/td> <td class=\"free-time col-4\" rowspan=\"2\"><\/td> <td class=\"free-time col-5\" rowspan=\"2\"><\/td> <td class=\"free-time col-7\" rowspan=\"2\"><\/td> <td class=\"free-time col-8\" rowspan=\"2\"><\/td><\/tr><tr><th>1:00 pm<\/th> <td class=\"free-time col-2\" rowspan=\"2\"><\/td> <td class=\"free-time col-6\" rowspan=\"2\"><\/td><\/tr><tr><th>2:00 pm<\/th> <td class=\"col-4  cardio\" rowspan=\"2\"><h6><a class=\"title\" href=\"https:\/\/gymmate.vn\/en\/classes\/ab-workout\/\">Ab workout<\/a><\/h6><div class=\"class-sub\">2:00 pm - 3:30 pm<\/div><a class=\"class-trainer\"><span>Rory Webster<\/span><\/a><\/td> <td class=\"col-5  healing\"><h6><a class=\"title\" href=\"https:\/\/gymmate.vn\/en\/classes\/advanced-exercises\/\">Advanced exercises<\/a><\/h6><div class=\"class-sub\">2:00 pm - 3:00 pm<\/div><a class=\"class-trainer\"><span>Emma Williams<\/span><\/a><\/td> <td class=\"col-7  healing\" rowspan=\"2\"><h6><a class=\"title\" href=\"https:\/\/gymmate.vn\/en\/classes\/agile-strength\/\">Agile strength<\/a><\/h6><div class=\"class-sub\">2:00 pm - 4:00 pm<\/div><a class=\"class-trainer\"><span>Kevin Barnhart<\/span><\/a><\/td> <td class=\"col-8  dance\"><h6><a class=\"title\" href=\"https:\/\/gymmate.vn\/en\/classes\/zumba-the-thao\/\">Zumba Fitness<\/a><\/h6><div class=\"class-sub\">2:00 pm - 3:00 pm<\/div><a class=\"class-trainer\"><span>Kevin Barnhart<\/span><\/a><\/td><\/tr><tr><th>3:00 pm<\/th> <td class=\"col-2  cardio\"><h6><a class=\"title\" href=\"https:\/\/gymmate.vn\/en\/classes\/resilient-strength\/\">Resilient strength<\/a><\/h6><div class=\"class-sub\">3:00 pm - 4:00 pm<\/div><a class=\"class-trainer\"><span>Kevin Barnhart<\/span><\/a><\/td> <td class=\"col-3  cardio\" rowspan=\"2\"><h6><a class=\"title\" href=\"https:\/\/gymmate.vn\/en\/classes\/resilient-strength\/\">Resilient strength<\/a><\/h6><div class=\"class-sub\">3:00 pm - 5:00 pm<\/div><a class=\"class-trainer\"><span>John Pena<\/span><\/a><\/td> <td class=\"col-5  cardio\" rowspan=\"2\"><h6><a class=\"title\" href=\"https:\/\/gymmate.vn\/en\/classes\/resilient-strength\/\">Resilient strength<\/a><\/h6><div class=\"class-sub\">3:00 pm - 5:00 pm<\/div><a class=\"class-trainer\"><span>Emma Williams<\/span><\/a><\/td> <td class=\"col-6  dance\"><h6><a class=\"title\" href=\"https:\/\/gymmate.vn\/en\/classes\/ren-luyen-can-bang\/\">Balance training<\/a><\/h6><div class=\"class-sub\">3:00 pm - 4:00 pm<\/div><a class=\"class-trainer\"><span>Rory Webster<\/span><\/a><\/td> <td class=\"col-8  cardio\" rowspan=\"2\"><h6><a class=\"title\" href=\"https:\/\/gymmate.vn\/en\/classes\/resilient-strength\/\">Resilient strength<\/a><\/h6><div class=\"class-sub\">3:00 pm - 5:00 pm<\/div><a class=\"class-trainer\"><span>Kevin Barnhart<\/span><\/a><\/td><\/tr><tr><th>4:00 pm<\/th> <td class=\"col-2  cardio\"><h6><a class=\"title\" href=\"https:\/\/gymmate.vn\/lop-hoc\/pilates\/\">Pilates<\/a><\/h6><div class=\"class-sub\">6:00 am - 7:00 am<\/div><a class=\"class-trainer\"><span>Ron Kross<\/span><\/a><\/td> <td class=\"col-4  dance\" rowspan=\"2\"><h6><a class=\"title\" href=\"https:\/\/gymmate.vn\/en\/classes\/ballet-fitness\/\">Ballet fitness<\/a><\/h6><div class=\"class-sub\">4:00 pm -6:00 pm<\/div><a class=\"class-trainer\"><span>Kevin Barnhart<\/span><\/a><\/td> <td class=\"col-6  healing\" rowspan=\"2\"><h6><a class=\"title\" href=\"https:\/\/gymmate.vn\/en\/classes\/agile-strength\/\">Agile strength<\/a><\/h6><div class=\"class-sub\">4:00 pm - 6:00 pm<\/div><a class=\"class-trainer\"><span>Ron Kross<\/span><\/a><\/td> <td class=\"col-7  cardio\" rowspan=\"2\"><h6><a class=\"title\" href=\"https:\/\/gymmate.vn\/lop-hoc\/pilates\/\">Pilates<\/a><\/h6><div class=\"class-sub\">4:00 pm - 6:00 pm<\/div><a class=\"class-trainer\"><span>Ron Kross<\/span><\/a><\/td><\/tr><tr><th>5:00 pm<\/th> <td class=\"col-2  cardio\" rowspan=\"2\"><h6><a class=\"title\" href=\"https:\/\/gymmate.vn\/en\/classes\/resilient-strength\/\">Resilient strength<\/a><\/h6><div class=\"class-sub\">5:00 pm - 7:00 pm<\/div><a class=\"class-trainer\"><span>Emma Williams<\/span><\/a><\/td> <td class=\"col-3  cardio\"><h6><a class=\"title\" href=\"https:\/\/gymmate.vn\/en\/classes\/new-body-shape\/\">New body shape<\/a><\/h6><div class=\"class-sub\">5:00 pm - 6:00 pm<\/div><a class=\"class-trainer\"><span>Rory Webster<\/span><\/a><\/td> <td class=\"free-time col-5\"><\/td> <td class=\"col-8  healing\" rowspan=\"2\"><h6><a class=\"title\" href=\"https:\/\/gymmate.vn\/en\/classes\/meditation\/\">Meditation<\/a><\/h6><div class=\"class-sub\">5:00 pm - 7:00 p<\/div><a class=\"class-trainer\"><span>Rory Webster<\/span><\/a><\/td><\/tr><tr><th>6:00 pm<\/th> <td class=\"col-3  healing\" rowspan=\"2\"><h6><a class=\"title\" href=\"https:\/\/gymmate.vn\/en\/classes\/agile-strength\/\">Agile strength<\/a><\/h6><div class=\"class-sub\">6:00 pm - 7:00 p<\/div><a class=\"class-trainer\"><span>Ron Kross<\/span><\/a><\/td> <td class=\"col-4  cardio\"><h6><a class=\"title\" href=\"https:\/\/gymmate.vn\/en\/classes\/resilient-strength\/\">Resilient strength<\/a><\/h6><div class=\"class-sub\">6:00 pm - 7:00 pm<\/div><a class=\"class-trainer\"><span>Kevin Barnhart<\/span><\/a><\/td> <td class=\"col-5  cardio\" rowspan=\"2\"><h6><a class=\"title\" href=\"https:\/\/gymmate.vn\/en\/classes\/resilient-strength\/\">Resilient strength<\/a><\/h6><div class=\"class-sub\">6:00 pm - 8:00 pm<\/div><a class=\"class-trainer\"><span>John Pena<\/span><\/a><\/td> <td class=\"col-6  dance\" rowspan=\"2\"><h6><a class=\"title\" href=\"https:\/\/gymmate.vn\/en\/classes\/ren-luyen-can-bang\/\">Balance training<\/a><\/h6><div class=\"class-sub\">6:00 pm - 8:00 pm<\/div><a class=\"class-trainer\"><span>Emma Williams<\/span><\/a><\/td> <td class=\"free-time col-7\" rowspan=\"2\"><\/td><\/tr><tr><th>7:00 pm<\/th> <td class=\"col-2  tam-tri-va-co-the\"><h6><a class=\"title\" href=\"https:\/\/gymmate.vn\/lop-hoc\/yoga\/\">Yoga<\/a><\/h6><div class=\"class-sub\">7:00 pm - 8:00 pm<\/div><a class=\"class-trainer\"><span>John Pena<\/span><\/a><\/td> <td class=\"col-4  mind-and-body\"><h6><a class=\"title\" href=\"https:\/\/gymmate.vn\/en\/classes\/yoga\/\">Yoga<\/a><\/h6><div class=\"class-sub\">7:00 am - 8:00 am<\/div><a class=\"class-trainer\"><span>Emma Williams<\/span><\/a><\/td> <td class=\"free-time col-8\"><\/td><\/tr>                <\/table>\n            <\/div>\n            <div class=\"time-table-nav\">\n                <div class=\"nav-button active\" data-nav=\"all\">\n                    All Class                <\/div>\n                <div class=\"nav-button\" data-nav=\"cardio\">Cardio<\/div><div class=\"nav-button\" data-nav=\"dance\">Dance<\/div><div class=\"nav-button\" data-nav=\"tam-tri-va-co-the\">T\u00e2m tr\u00ed v\u00e0 C\u01a1 th\u1ec3<\/div><div class=\"nav-button\" data-nav=\"healing\">Healing<\/div><div class=\"nav-button\" data-nav=\"mind-and-body\">Mind and Body<\/div>            <\/div>\n        <\/div>\n\n        \t\t\t\t<\/div>\n\t\t\t\t<\/div>\n\t\t\t\t\t<\/div>\n\t\t\t\t<\/div>\n\t\t<div class=\"elementor-element elementor-element-39ad49e e-flex e-con-boxed e-con e-parent\" data-id=\"39ad49e\" data-element_type=\"container\">\n\t\t\t\t\t<div class=\"e-con-inner\">\n\t\t\t\t<div class=\"elementor-element elementor-element-fb90942 elementor-absolute elementor-hidden-mobile elementor-widget elementor-widget-image\" data-id=\"fb90942\" data-element_type=\"widget\" data-settings=\"{&quot;_position&quot;:&quot;absolute&quot;,&quot;motion_fx_motion_fx_scrolling&quot;:&quot;yes&quot;,&quot;motion_fx_translateX_effect&quot;:&quot;yes&quot;,&quot;motion_fx_translateX_direction&quot;:&quot;negative&quot;,&quot;motion_fx_translateX_speed&quot;:{&quot;unit&quot;:&quot;px&quot;,&quot;size&quot;:2,&quot;sizes&quot;:[]},&quot;motion_fx_devices&quot;:[&quot;desktop&quot;,&quot;laptop&quot;,&quot;tablet_extra&quot;],&quot;motion_fx_translateX_affectedRange&quot;:{&quot;unit&quot;:&quot;%&quot;,&quot;size&quot;:&quot;&quot;,&quot;sizes&quot;:{&quot;start&quot;:0,&quot;end&quot;:100}}}\" data-widget_type=\"image.default\">\n\t\t\t\t\t\t\t\t\t\t\t\t\t\t\t<img decoding=\"async\" src=\"https:\/\/gymmate.vn\/wp-content\/uploads\/2024\/08\/h3_decor-1.png\" title=\"\" alt=\"\" loading=\"lazy\" \/>\t\t\t\t\t\t\t\t\t\t\t\t\t\t\t<\/div>\n\t\t<div class=\"elementor-element elementor-element-14cde7a e-con-full e-flex e-con e-child\" data-id=\"14cde7a\" data-element_type=\"container\">\n\t\t\t\t<div class=\"elementor-element elementor-element-44b4095 animated-fast elementor-invisible elementor-widget elementor-widget-gofiz_animated-headline\" data-id=\"44b4095\" data-element_type=\"widget\" data-settings=\"{&quot;_animation&quot;:&quot;opal-move-right&quot;}\" data-widget_type=\"gofiz_animated-headline.default\">\n\t\t\t\t<div class=\"elementor-widget-container\">\n\t\t\t\t\t        <h2  class=\"elementor-headline\">\n                    <span class=\"elementor-headline-plain-text elementor-headline-text-wrapper\">Contact<\/span>\n                <span class=\"elementor-headline-dynamic-wrapper elementor-headline-text-wrapper\">\n                    <span class=\"elementor-headline-dynamic-text elementor-headline-text-active\"><span>Consulting<\/span><\/span>\n        \t\t<\/span>\n                <\/h2>\n        \t\t\t\t<\/div>\n\t\t\t\t<\/div>\n\t\t\t\t<div class=\"elementor-element elementor-element-4bb7e43 elementor-widget__width-initial elementor-widget elementor-widget-text-editor\" data-id=\"4bb7e43\" data-element_type=\"widget\" data-widget_type=\"text-editor.default\">\n\t\t\t\t\t\t\t\t\t<p>If you have any related questions, we are always ready to help. Please fill out the form and we will get back to you soon!<\/p>\t\t\t\t\t\t\t\t<\/div>\n\t\t\t\t<\/div>\n\t\t<div class=\"elementor-element elementor-element-975d053 e-con-full e-flex e-con e-child\" data-id=\"975d053\" data-element_type=\"container\">\n\t\t\t\t<div class=\"elementor-element elementor-element-43d2373 animated-fast elementor-invisible elementor-widget elementor-widget-gofiz-contactform\" data-id=\"43d2373\" data-element_type=\"widget\" data-settings=\"{&quot;_animation&quot;:&quot;opal-move-left&quot;}\" data-widget_type=\"gofiz-contactform.default\">\n\t\t\t\t<div class=\"elementor-widget-container\">\n\t\t\t\t\t\n<div class=\"wpcf7 no-js\" id=\"wpcf7-f6066-o1\" lang=\"en-US\" dir=\"ltr\" data-wpcf7-id=\"6066\">\n<div class=\"screen-reader-response\"><p role=\"status\" aria-live=\"polite\" aria-atomic=\"true\"><\/p> <ul><\/ul><\/div>\n<form action=\"\/en\/wp-json\/wp\/v2\/pages\/5978#wpcf7-f6066-o1\" method=\"post\" class=\"wpcf7-form init\" aria-label=\"Contact form\" novalidate=\"novalidate\" data-status=\"init\">\n<fieldset class=\"hidden-fields-container\"><input type=\"hidden\" name=\"_wpcf7\" value=\"6066\" \/><input type=\"hidden\" name=\"_wpcf7_version\" value=\"6.1.3\" \/><input type=\"hidden\" name=\"_wpcf7_locale\" value=\"en_US\" \/><input type=\"hidden\" name=\"_wpcf7_unit_tag\" value=\"wpcf7-f6066-o1\" \/><input type=\"hidden\" name=\"_wpcf7_container_post\" value=\"0\" \/><input type=\"hidden\" name=\"_wpcf7_posted_data_hash\" value=\"\" \/><input type=\"hidden\" name=\"_wpcf7_recaptcha_response\" value=\"\" \/>\n<\/fieldset>\n<div class=\"row\">\n\t<div class=\"column\">\n\t\t<p><label>Full name*<\/label><span class=\"wpcf7-form-control-wrap\" data-name=\"your-name\"><input size=\"40\" maxlength=\"400\" class=\"wpcf7-form-control wpcf7-text wpcf7-validates-as-required\" autocomplete=\"name\" aria-required=\"true\" aria-invalid=\"false\" placeholder=\"Full name\" value=\"\" type=\"text\" name=\"your-name\" \/><\/span>\n\t\t<\/p>\n\t<\/div>\n\t<div class=\"column\">\n\t\t<p><label>Phone*<\/label><span class=\"wpcf7-form-control-wrap\" data-name=\"your-phone\"><input size=\"40\" maxlength=\"400\" class=\"wpcf7-form-control wpcf7-tel wpcf7-validates-as-required wpcf7-text wpcf7-validates-as-tel\" autocomplete=\"email\" aria-required=\"true\" aria-invalid=\"false\" placeholder=\"Phone\" value=\"\" type=\"tel\" name=\"your-phone\" \/><\/span>\n\t\t<\/p>\n\t<\/div>\n<\/div>\n<p><label>Subject<\/label><span class=\"wpcf7-form-control-wrap\" data-name=\"your-subject\"><input size=\"40\" maxlength=\"400\" class=\"wpcf7-form-control wpcf7-text\" aria-invalid=\"false\" placeholder=\"Subject\" value=\"\" type=\"text\" name=\"your-subject\" \/><\/span><br \/>\n<label>Message<\/label><span class=\"wpcf7-form-control-wrap\" data-name=\"your-message\"><textarea cols=\"40\" rows=\"4\" maxlength=\"2000\" class=\"wpcf7-form-control wpcf7-textarea\" aria-invalid=\"false\" placeholder=\"Message\" name=\"your-message\"><\/textarea><\/span><br \/>\n<button class=\"elementor-button\" type=\"submit\"><span class=\"elementor-button-content-wrapper\"><span>Send<\/span><i class=\"gofiz-icon- gofiz-icon-arrow-right\"><\/i><\/span><\/button>\n<\/p>\n<div class=\"column\" style=\"padding-top: 10px\">\n<span class=\"wpcf7-form-control-wrap recaptcha\" data-name=\"recaptcha\"><span data-sitekey=\"6Ld-IV8sAAAAAOB5Q4CnBtIVOKXcrYnQOg-MBmlG\" class=\"wpcf7-form-control wpcf7-recaptcha g-recaptcha\"><\/span>\r\n<noscript>\r\n\t<div class=\"grecaptcha-noscript\">\r\n\t\t<iframe src=\"https:\/\/www.recaptcha.net\/recaptcha\/api\/fallback?k=6Ld-IV8sAAAAAOB5Q4CnBtIVOKXcrYnQOg-MBmlG\" frameborder=\"0\" scrolling=\"no\" width=\"310\" height=\"430\">\r\n\t\t<\/iframe>\r\n\t\t<textarea name=\"g-recaptcha-response\" rows=\"3\" cols=\"40\" placeholder=\"reCaptcha Response Here\">\r\n\t\t<\/textarea>\r\n\t<\/div>\r\n<\/noscript>\r\n<\/span>\n<\/div><div class=\"wpcf7-response-output\" aria-hidden=\"true\"><\/div>\n<\/form>\n<\/div>\n\t\t\t\t<\/div>\n\t\t\t\t<\/div>\n\t\t\t\t<\/div>\n\t\t\t\t\t<\/div>\n\t\t\t\t<\/div>\n\t\t\t\t<\/div>\n\t\t","protected":false},"excerpt":{"rendered":"<p>Th\u1ee9 Hai Th\u1ee9 Ba Th\u1ee9 T\u01b0 Th\u1ee9 N\u0103m Th\u1ee9 S\u00e1u Th\u1ee9 B\u1ea3y Ch\u1ee7 Nh\u1eadt 6:00 am Ab workout 6:00 am &#8211; 7:00 amJohn Pena Zumba Fitness 6:00 am &#8211; 7:30 amRory Webster Yoga 6:00 am &#8211; 7:00 amJohn Pena Zumba Fitness 6:00 am &#8211; 7:30 amRory Webster Ballet fitness 6:00 am &#8211; 7:00 amEmma Williams [&hellip;]<\/p>\n","protected":false},"author":1,"featured_media":0,"parent":0,"menu_order":0,"comment_status":"closed","ping_status":"closed","template":"","meta":{"footnotes":""},"class_list":["post-5978","page","type-page","status-publish","hentry"],"_links":{"self":[{"href":"https:\/\/gymmate.vn\/en\/wp-json\/wp\/v2\/pages\/5978","targetHints":{"allow":["GET"]}}],"collection":[{"href":"https:\/\/gymmate.vn\/en\/wp-json\/wp\/v2\/pages"}],"about":[{"href":"https:\/\/gymmate.vn\/en\/wp-json\/wp\/v2\/types\/page"}],"author":[{"embeddable":true,"href":"https:\/\/gymmate.vn\/en\/wp-json\/wp\/v2\/users\/1"}],"replies":[{"embeddable":true,"href":"https:\/\/gymmate.vn\/en\/wp-json\/wp\/v2\/comments?post=5978"}],"version-history":[{"count":15,"href":"https:\/\/gymmate.vn\/en\/wp-json\/wp\/v2\/pages\/5978\/revisions"}],"predecessor-version":[{"id":6391,"href":"https:\/\/gymmate.vn\/en\/wp-json\/wp\/v2\/pages\/5978\/revisions\/6391"}],"wp:attachment":[{"href":"https:\/\/gymmate.vn\/en\/wp-json\/wp\/v2\/media?parent=5978"}],"curies":[{"name":"wp","href":"https:\/\/api.w.org\/{rel}","templated":true}]}}